{"id":6,"date":"2020-10-21T11:03:04","date_gmt":"2020-10-21T11:03:04","guid":{"rendered":"http:\/\/nowymodelwspolpracy.sylpo.pl\/?page_id=6"},"modified":"2020-10-29T11:52:36","modified_gmt":"2020-10-29T11:52:36","slug":"informacje-o-projekcie","status":"publish","type":"page","link":"https:\/\/nowymodelwspolpracy.sylpo.pl\/index.php\/informacje-o-projekcie\/","title":{"rendered":"Informacje o projekcie"},"content":{"rendered":"\n<p>Cel projektu &#8211; rozw\u00f3j spo\u0142ecznych us\u0142ug u\u017cyteczno\u015bci publicznej, zw\u0142aszcza us\u0142ug \u015brodowiskowych realizowanych przez podmioty sektora ekonomii spo\u0142ecznej, \u0142\u0105cz\u0105cych aktywizacj\u0119 zawodow\u0105 z budowaniem sp\u00f3jnego systemu us\u0142ug spo\u0142ecznych.<br>Cel ten zostanie osi\u0105gni\u0119ty poprzez opracowanie innowacyjnej koncepcji modelu wsp\u00f3\u0142pracy podmiot\u00f3w zatrudnienia socjalnego z innymi instytucjami i podmiotami \u015bwiadcz\u0105cymi us\u0142ugi spo\u0142eczne<\/p>\n\n\n\n<p><strong>Modelowe rozwi\u0105zanie dla PZS i samorz\u0105d\u00f3w<\/strong><br>W ramach projektu \u0142\u0105czymy potencja\u0142 lokalnych podmiot\u00f3w zatrudnienia socjalnego, przedsi\u0119biorstw spo\u0142ecznych oraz samorz\u0105d\u00f3w wok\u00f3\u0142 lokalnego rynku us\u0142ug spo\u0142ecznych.<br>Aby zaspokoi\u0107 potrzeby swoich mieszka\u0144c\u00f3w, jednostki samorz\u0105du terytorialnego poszukuj\u0105 odpowiednich wykonawc\u00f3w dla us\u0142ug spo\u0142ecznych. Poprzez realizacj\u0119 projektu proponujemy organizacj\u0119 lokalnego rynku us\u0142ug spo\u0142ecznych, wykorzystuj\u0105c potencja\u0142 uczestnik\u00f3w oraz absolwent\u00f3w Centr\u00f3w i Klub\u00f3w Integracji Spo\u0142ecznej. Tym samym \u015bcie\u017cka reintegracji wyd\u0142u\u017ca si\u0119 i uzupe\u0142nia o prac\u0119 w nowopowsta\u0142ych lub istniej\u0105cych przedsi\u0119biorstwach spo\u0142ecznych. To w\u0142a\u015bnie w podmiotach ekonomii spo\u0142ecznej widzimy szans\u0119 na zapewnienie wysokiej jako\u015bci lokalnych us\u0142ug spo\u0142ecznych, dostarczanych przez wykwalifikowanych<br>absolwent\u00f3w PZS.<br>Aby m\u00f3c pod\u0105\u017ca\u0107 modelow\u0105 \u015bcie\u017ck\u0105 \u015bwiadczenia lokalnych us\u0142ug spo\u0142ecznych, niezb\u0119dne jest przygotowanie zasad wsp\u00f3\u0142dzia\u0142ania samorz\u0105d\u00f3w z przedsi\u0119biorstwami zatrudnienia socjalnego oraz przedsi\u0119biorstwami spo\u0142ecznymi.<\/p>\n\n\n\n<p><strong>Model uwzgl\u0119dnia\u0142 b\u0119dzie nast\u0119puj\u0105ce elementy:<\/strong><br>\u2022 badanie zapotrzebowania i zasob\u00f3w lokalnego rynku us\u0142ug spo\u0142ecznych,<br>\u2022 okre\u015blenie potrzeb kadrowych PES do \u015bwiadczenia us\u0142ug spo\u0142ecznych,<br>\u2022 opracowanie \u015bcie\u017cki przygotowania pracownik\u00f3w do \u015bwiadczenia us\u0142ug spo\u0142ecznych,<br>\u2022 opracowanie procedur kontraktacji us\u0142ug spo\u0142ecznych przez samorz\u0105dy<br>\u2022 uruchomienie lokalnego partnerstwa na rzecz rozwoju us\u0142ug spo\u0142ecznych.<\/p>\n","protected":false},"excerpt":{"rendered":"<p>Cel projektu &#8211; rozw\u00f3j spo\u0142ecznych us\u0142ug u\u017cyteczno\u015bci publicznej, zw\u0142aszcza us\u0142ug \u015brodowiskowych realizowanych przez podmioty sektora ekonomii spo\u0142ecznej, \u0142\u0105cz\u0105cych aktywizacj\u0119 zawodow\u0105 z budowaniem sp\u00f3jnego systemu us\u0142ug spo\u0142ecznych.Cel ten zostanie osi\u0105gni\u0119ty poprzez opracowanie innowacyjnej koncepcji modelu wsp\u00f3\u0142pracy podmiot\u00f3w zatrudnienia socjalnego z innymi instytucjami i podmiotami \u015bwiadcz\u0105cymi us\u0142ugi spo\u0142eczne Modelowe rozwi\u0105zanie dla PZS i samorz\u0105d\u00f3wW ramach projektu \u0142\u0105czymy [&hellip;]<\/p>\n","protected":false},"author":1,"featured_media":0,"parent":0,"menu_order":0,"comment_status":"closed","ping_status":"closed","template":"","meta":[],"_links":{"self":[{"href":"https:\/\/nowymodelwspolpracy.sylpo.pl\/index.php\/wp-json\/wp\/v2\/pages\/6"}],"collection":[{"href":"https:\/\/nowymodelwspolpracy.sylpo.pl\/index.php\/wp-json\/wp\/v2\/pages"}],"about":[{"href":"https:\/\/nowymodelwspolpracy.sylpo.pl\/index.php\/wp-json\/wp\/v2\/types\/page"}],"author":[{"embeddable":true,"href":"https:\/\/nowymodelwspolpracy.sylpo.pl\/index.php\/wp-json\/wp\/v2\/users\/1"}],"replies":[{"embeddable":true,"href":"https:\/\/nowymodelwspolpracy.sylpo.pl\/index.php\/wp-json\/wp\/v2\/comments?post=6"}],"version-history":[{"count":2,"href":"https:\/\/nowymodelwspolpracy.sylpo.pl\/index.php\/wp-json\/wp\/v2\/pages\/6\/revisions"}],"predecessor-version":[{"id":39,"href":"https:\/\/nowymodelwspolpracy.sylpo.pl\/index.php\/wp-json\/wp\/v2\/pages\/6\/revisions\/39"}],"wp:attachment":[{"href":"https:\/\/nowymodelwspolpracy.sylpo.pl\/index.php\/wp-json\/wp\/v2\/media?parent=6"}],"curies":[{"name":"wp","href":"https:\/\/api.w.org\/{rel}","templated":true}]}}