{"id":18,"date":"2020-10-21T11:06:21","date_gmt":"2020-10-21T11:06:21","guid":{"rendered":"http:\/\/nowymodelwspolpracy.sylpo.pl\/?page_id=18"},"modified":"2022-01-11T08:08:49","modified_gmt":"2022-01-11T08:08:49","slug":"strona-glowna","status":"publish","type":"page","link":"https:\/\/nowymodelwspolpracy.sylpo.pl\/","title":{"rendered":"O projekcie"},"content":{"rendered":"\n<p><strong>Nowy Model Wsp\u00f3\u0142pracy instytucji zatrudnienia socjalnego z podmiotami<br>ekonomii spo\u0142ecznej realizuj\u0105cymi us\u0142ugi spo\u0142eczne.<\/strong><\/p>\n\n\n\n<p>Projekt wsp\u00f3\u0142finansowany przez Uni\u0119 Europejsk\u0105 ze \u015brodk\u00f3w Europejskiego Funduszu<br>Spo\u0142ecznego w ramach Programu Operacyjnego Wiedza Edukacja Rozw\u00f3j 2014-2020<br>Bud\u017cet projektu: 20 742 810 PLN<br>Czas realizacji projektu: do 31 marca 2022 roku<\/p>\n\n\n\n<p><strong>Lider \u2013 Sylpo System sp. z o.o z Lublina realizuje niniejszy projekt w partnerstwie<br>nast\u0119puj\u0105cych podmiot\u00f3w: Instytut Pracy i Spraw Socjalnych z Warszawy, Pa\u0144stwowa<br>Wy\u017csza Szko\u0142a Zawodowa z Che\u0142ma oraz Janowskie Stowarzyszenie Niesienia Pomocy<br>\u201eHumanus\u201d z Janowa Lubelskiego.<\/strong><\/p>\n\n\n\n<figure class=\"wp-block-image size-large\"><img loading=\"lazy\" width=\"600\" height=\"424\" src=\"http:\/\/nowymodelwspolpracy.sylpo.pl\/wp-content\/uploads\/2020\/10\/sylpo-grafika.jpg\" alt=\"\" class=\"wp-image-60\" srcset=\"https:\/\/nowymodelwspolpracy.sylpo.pl\/wp-content\/uploads\/2020\/10\/sylpo-grafika.jpg 600w, https:\/\/nowymodelwspolpracy.sylpo.pl\/wp-content\/uploads\/2020\/10\/sylpo-grafika-300x212.jpg 300w\" sizes=\"(max-width: 600px) 100vw, 600px\" \/><\/figure>\n","protected":false},"excerpt":{"rendered":"<p>Nowy Model Wsp\u00f3\u0142pracy instytucji zatrudnienia socjalnego z podmiotamiekonomii spo\u0142ecznej realizuj\u0105cymi us\u0142ugi spo\u0142eczne. Projekt wsp\u00f3\u0142finansowany przez Uni\u0119 Europejsk\u0105 ze \u015brodk\u00f3w Europejskiego FunduszuSpo\u0142ecznego w ramach Programu Operacyjnego Wiedza Edukacja Rozw\u00f3j 2014-2020Bud\u017cet projektu: 20 742 810 PLNCzas realizacji projektu: do 31 marca 2022 roku Lider \u2013 Sylpo System sp. z o.o z Lublina realizuje niniejszy projekt w partnerstwienast\u0119puj\u0105cych [&hellip;]<\/p>\n","protected":false},"author":1,"featured_media":0,"parent":0,"menu_order":0,"comment_status":"closed","ping_status":"closed","template":"","meta":[],"_links":{"self":[{"href":"https:\/\/nowymodelwspolpracy.sylpo.pl\/index.php\/wp-json\/wp\/v2\/pages\/18"}],"collection":[{"href":"https:\/\/nowymodelwspolpracy.sylpo.pl\/index.php\/wp-json\/wp\/v2\/pages"}],"about":[{"href":"https:\/\/nowymodelwspolpracy.sylpo.pl\/index.php\/wp-json\/wp\/v2\/types\/page"}],"author":[{"embeddable":true,"href":"https:\/\/nowymodelwspolpracy.sylpo.pl\/index.php\/wp-json\/wp\/v2\/users\/1"}],"replies":[{"embeddable":true,"href":"https:\/\/nowymodelwspolpracy.sylpo.pl\/index.php\/wp-json\/wp\/v2\/comments?post=18"}],"version-history":[{"count":6,"href":"https:\/\/nowymodelwspolpracy.sylpo.pl\/index.php\/wp-json\/wp\/v2\/pages\/18\/revisions"}],"predecessor-version":[{"id":140,"href":"https:\/\/nowymodelwspolpracy.sylpo.pl\/index.php\/wp-json\/wp\/v2\/pages\/18\/revisions\/140"}],"wp:attachment":[{"href":"https:\/\/nowymodelwspolpracy.sylpo.pl\/index.php\/wp-json\/wp\/v2\/media?parent=18"}],"curies":[{"name":"wp","href":"https:\/\/api.w.org\/{rel}","templated":true}]}}