{"id":10,"date":"2020-10-21T11:03:29","date_gmt":"2020-10-21T11:03:29","guid":{"rendered":"http:\/\/nowymodelwspolpracy.sylpo.pl\/?page_id=10"},"modified":"2023-03-06T12:12:07","modified_gmt":"2023-03-06T12:12:07","slug":"do-pobrania","status":"publish","type":"page","link":"https:\/\/nowymodelwspolpracy.sylpo.pl\/index.php\/do-pobrania\/","title":{"rendered":"Do pobrania"},"content":{"rendered":"\n<p><a rel=\"noreferrer noopener\" href=\"http:\/\/nowymodelwspolpracy.sylpo.pl\/wp-content\/uploads\/2020\/10\/PODRECZNIK-Ekspertow_kpl.pdf\" target=\"_blank\">Pobierz &#8211; Podr\u0119cznik szkoleniowy dla ekspert\u00f3w<\/a><\/p>\n\n\n\n<p><a rel=\"noreferrer noopener\" href=\"http:\/\/nowymodelwspolpracy.sylpo.pl\/wp-content\/uploads\/2020\/10\/Testowy-model.pdf\" target=\"_blank\">Pobierz &#8211; Testowy model<\/a><\/p>\n\n\n\n<div class=\"wp-block-file\"><a href=\"http:\/\/nowymodelwspolpracy.sylpo.pl\/wp-content\/uploads\/2023\/03\/podrecznik-Model-zatrudnienia-socjalnego.pdf\">podrecznik Model zatrudnienia socjalnego<\/a><a href=\"http:\/\/nowymodelwspolpracy.sylpo.pl\/wp-content\/uploads\/2023\/03\/podrecznik-Model-zatrudnienia-socjalnego.pdf\" class=\"wp-block-file__button\" download>Pobierz<\/a><\/div>\n\n\n\n<div class=\"wp-block-file\"><a href=\"http:\/\/nowymodelwspolpracy.sylpo.pl\/wp-content\/uploads\/2023\/03\/Zatrudnienie-socjalne-a-rozwoj-uslug-spolecznych-w-Polsce.pdf\">Zatrudnienie socjalne a rozw\u00f3j us\u0142ug spo\u0142ecznych w Polsce<\/a><a href=\"http:\/\/nowymodelwspolpracy.sylpo.pl\/wp-content\/uploads\/2023\/03\/Zatrudnienie-socjalne-a-rozwoj-uslug-spolecznych-w-Polsce.pdf\" class=\"wp-block-file__button\" download>Pobierz<\/a><\/div>\n","protected":false},"excerpt":{"rendered":"<p>Pobierz &#8211; Podr\u0119cznik szkoleniowy dla ekspert\u00f3w Pobierz &#8211; Testowy model<\/p>\n","protected":false},"author":1,"featured_media":0,"parent":0,"menu_order":0,"comment_status":"closed","ping_status":"closed","template":"","meta":[],"_links":{"self":[{"href":"https:\/\/nowymodelwspolpracy.sylpo.pl\/index.php\/wp-json\/wp\/v2\/pages\/10"}],"collection":[{"href":"https:\/\/nowymodelwspolpracy.sylpo.pl\/index.php\/wp-json\/wp\/v2\/pages"}],"about":[{"href":"https:\/\/nowymodelwspolpracy.sylpo.pl\/index.php\/wp-json\/wp\/v2\/types\/page"}],"author":[{"embeddable":true,"href":"https:\/\/nowymodelwspolpracy.sylpo.pl\/index.php\/wp-json\/wp\/v2\/users\/1"}],"replies":[{"embeddable":true,"href":"https:\/\/nowymodelwspolpracy.sylpo.pl\/index.php\/wp-json\/wp\/v2\/comments?post=10"}],"version-history":[{"count":4,"href":"https:\/\/nowymodelwspolpracy.sylpo.pl\/index.php\/wp-json\/wp\/v2\/pages\/10\/revisions"}],"predecessor-version":[{"id":185,"href":"https:\/\/nowymodelwspolpracy.sylpo.pl\/index.php\/wp-json\/wp\/v2\/pages\/10\/revisions\/185"}],"wp:attachment":[{"href":"https:\/\/nowymodelwspolpracy.sylpo.pl\/index.php\/wp-json\/wp\/v2\/media?parent=10"}],"curies":[{"name":"wp","href":"https:\/\/api.w.org\/{rel}","templated":true}]}}